{"id":130,"date":"2026-03-17T15:28:51","date_gmt":"2026-03-17T15:28:51","guid":{"rendered":"https:\/\/yeyam.sn\/?post_type=product&#038;p=130"},"modified":"2026-03-17T15:28:51","modified_gmt":"2026-03-17T15:28:51","slug":"12-tasses-de-cafe","status":"publish","type":"product","link":"https:\/\/yeyam.sn\/index.php\/produit\/12-tasses-de-cafe\/","title":{"rendered":"12 tasses de caf\u00e9"},"content":{"rendered":"<ul>\n<li data-section-id=\"spxf6m\" data-start=\"1005\" data-end=\"1025\">\n<p data-start=\"1007\" data-end=\"1025\">Lot de 12 tasses<\/p>\n<\/li>\n<li data-section-id=\"wqvslb\" data-start=\"1026\" data-end=\"1070\">\n<p data-start=\"1028\" data-end=\"1070\">Mat\u00e9riau : c\u00e9ramique \/ verre (\u00e0 adapter)<\/p>\n<\/li>\n<li data-section-id=\"38yaui\" data-start=\"1071\" data-end=\"1099\">\n<p data-start=\"1073\" data-end=\"1099\">R\u00e9sistantes \u00e0 la chaleur<\/p>\n<\/li>\n<li data-section-id=\"hvzzvo\" data-start=\"1100\" data-end=\"1132\">\n<p data-start=\"1102\" data-end=\"1132\">Design \u00e9l\u00e9gant et intemporel<\/p>\n<\/li>\n<li data-section-id=\"rxfwd1\" data-start=\"1133\" data-end=\"1155\">\n<p data-start=\"1135\" data-end=\"1155\">Faciles \u00e0 nettoyer<\/p>\n<\/li>\n<li data-section-id=\"8ktkiw\" data-start=\"1156\" data-end=\"1194\">\n<p data-start=\"1158\" data-end=\"1194\">Id\u00e9ales pour caf\u00e9, th\u00e9, cappuccino<\/p>\n<\/li>\n<\/ul>\n","protected":false},"excerpt":{"rendered":"<p><img loading=\"lazy\" decoding=\"async\" class=\"alignnone size-medium wp-image-131\" src=\"https:\/\/yeyam.sn\/wp-content\/uploads\/2026\/03\/12-tasses-cafe-300x287.jpeg\" alt=\"\" width=\"300\" height=\"287\" srcset=\"https:\/\/yeyam.sn\/wp-content\/uploads\/2026\/03\/12-tasses-cafe-300x287.jpeg 300w, https:\/\/yeyam.sn\/wp-content\/uploads\/2026\/03\/12-tasses-cafe-1024x979.jpeg 1024w, https:\/\/yeyam.sn\/wp-content\/uploads\/2026\/03\/12-tasses-cafe-768x734.jpeg 768w, https:\/\/yeyam.sn\/wp-content\/uploads\/2026\/03\/12-tasses-cafe-1129x1080.jpeg 1129w, https:\/\/yeyam.sn\/wp-content\/uploads\/2026\/03\/12-tasses-cafe-600x574.jpeg 600w, https:\/\/yeyam.sn\/wp-content\/uploads\/2026\/03\/12-tasses-cafe.jpeg 1280w\" sizes=\"(max-width: 300px) 100vw, 300px\" \/><\/p>\n","protected":false},"featured_media":131,"comment_status":"open","ping_status":"closed","template":"","meta":{"saved_in_kubio":false,"_themeisle_gutenberg_block_has_review":false},"product_brand":[],"product_cat":[32,34],"product_tag":[],"class_list":{"0":"post-130","1":"product","2":"type-product","3":"status-publish","4":"has-post-thumbnail","6":"product_cat-acces","7":"product_cat-maison","9":"first","10":"instock","11":"sale","12":"taxable","13":"shipping-taxable","14":"purchasable","15":"product-type-simple"},"_links":{"self":[{"href":"https:\/\/yeyam.sn\/index.php\/wp-json\/wp\/v2\/product\/130","targetHints":{"allow":["GET"]}}],"collection":[{"href":"https:\/\/yeyam.sn\/index.php\/wp-json\/wp\/v2\/product"}],"about":[{"href":"https:\/\/yeyam.sn\/index.php\/wp-json\/wp\/v2\/types\/product"}],"replies":[{"embeddable":true,"href":"https:\/\/yeyam.sn\/index.php\/wp-json\/wp\/v2\/comments?post=130"}],"wp:featuredmedia":[{"embeddable":true,"href":"https:\/\/yeyam.sn\/index.php\/wp-json\/wp\/v2\/media\/131"}],"wp:attachment":[{"href":"https:\/\/yeyam.sn\/index.php\/wp-json\/wp\/v2\/media?parent=130"}],"wp:term":[{"taxonomy":"product_brand","embeddable":true,"href":"https:\/\/yeyam.sn\/index.php\/wp-json\/wp\/v2\/product_brand?post=130"},{"taxonomy":"product_cat","embeddable":true,"href":"https:\/\/yeyam.sn\/index.php\/wp-json\/wp\/v2\/product_cat?post=130"},{"taxonomy":"product_tag","embeddable":true,"href":"https:\/\/yeyam.sn\/index.php\/wp-json\/wp\/v2\/product_tag?post=130"}],"curies":[{"name":"wp","href":"https:\/\/api.w.org\/{rel}","templated":true}]}}